{"id":17,"date":"2015-05-08T20:38:38","date_gmt":"2015-05-08T20:38:38","guid":{"rendered":"http:\/\/srht.knauervonhartenfels.com\/?page_id=17"},"modified":"2015-10-18T10:27:48","modified_gmt":"2015-10-18T10:27:48","slug":"impressum","status":"publish","type":"page","link":"https:\/\/srht.org\/?page_id=17","title":{"rendered":"Impressum"},"content":{"rendered":"<p><span style=\"color: #333333;\">Verband SRHT H\u00f6henrettungsgruppen e.V.<\/span><br \/>\n<span style=\"color: #333333;\"> Anschrift: Gammelsdorfer Str. 5, 94315 Straubing<\/span><br \/>\n<span style=\"color: #333333;\"> Web srht.org<\/span><br \/>\n<span style=\"color: #333333;\"> E-Mail Verband (at) SRHT.org<\/span><br \/>\n<span style=\"color: #333333;\"> Vertretungsberechtigt: Bernhard Scharrer<\/span><br \/>\n<span style=\"color: #333333;\"> E-Mail Bernhard (at) SRHT.org<\/span><\/p>\n<p><span style=\"color: #333333;\">Vereinsregister<\/span><br \/>\n<span style=\"color: #333333;\"> Registernummer: VR200204<\/span><br \/>\n<span style=\"color: #333333;\"> Registergericht: Amtsbericht Straubing<\/span><\/p>\n<p><span style=\"color: #333333;\">Datenschutzerkl\u00e4rung Allgemein<\/span><\/p>\n<p><span style=\"color: #333333;\">Die Erhebung und Verwendung personenbezogener Daten der Nutzer unserer Internetseiten findet ausschlie\u00dflich unter Beachtung der datenschutzrechtlichen Gesetze der Bundesrepublik Deutschland statt. Im Folgenden teilen wir Ihnen mit, auf welche Art, in welchem Umfang und zu welchem Zweck wir Ihre personenbezogenen Daten erheben und nutzen. Die Informationen zum Datenschutz k\u00f6nnen Sie auf dieser Website st\u00e4ndig abrufen.<\/span><\/p>\n<p><span style=\"color: #333333;\">\u00dcbermittlung und Speicherung von Daten aus technischen Gr\u00fcnden und zu Zwecken von Statistik und Marktforschung.<\/span><\/p>\n<p><span style=\"color: #333333;\">Wenn Sie auf unsere Website zugreifen, \u00fcbermittelt Ihr Internet-Browser aus technischen Gr\u00fcnden automatisch bestimmte Daten an unseren Server. Dies sind zum Beispiel Datum und Uhrzeit des Seitenaufrufes, die URL der Website, die Sie zuvor besucht haben, die von unserer Website abgerufenen Dateien, gesendete Datenmengen, Typ und Version Ihres Webbrowsers, Ihr Betriebssystem und Ihre IP-Adresse. Wie speichern diese Daten getrennt von anderen Daten, die Sie ggf. bei Nutzung unseres Internetangebotes auf unserer Website eingeben. Diese Daten k\u00f6nnen wir also nicht Ihrer Person zuordnen; sie werden lediglich statistisch ausgewertet und danach gel\u00f6scht.<\/span><\/p>\n<p><span style=\"color: #333333;\">Erhebung und Nutzung von Bestandsdaten<\/span><\/p>\n<p><span style=\"color: #333333;\">Die Nutzung unserer Webseite ist in den meisten F\u00e4llen ohne eine Angabe personenbezogener Daten (z.B. Name, Adresse, Emailadresse, Telefonnummer) m\u00f6glich. Kommt zwischen Ihnen und uns ein Vertrag zustande oder soll ein solcher inhaltlich abge\u00e4ndert werden, erheben und verwenden wir personenbezogene Daten von Ihnen. Die Erhebung und Nutzung Ihrer Daten erfolgt nur in dem f\u00fcr diese Zwecke erforderlichen Umfang. Von uns erhobene personenbezogene Daten geben wir ohne Ihre ausdr\u00fcckliche Zustimmung nicht an Dritte weiter.<\/span><\/p>\n<p><span style=\"color: #333333;\">Eine Weitergabe von Bestandsdaten an Beh\u00f6rden erfolgt nur, soweit wir dazu im Einzelfall auf Basis bestehender Gesetze, etwa f\u00fcr Zwecke der Strafverfolgung, Gefahrenabwehr oder zum Schutz von Urheberrechten, verpflichtet sind.<\/span><\/p>\n<p><span style=\"color: #333333;\">Erhebung und Nutzung von Nutzungsdaten<\/span><\/p>\n<p><span style=\"color: #333333;\">Um die Nutzung unseres Internetangebotes zu erm\u00f6glichen, die Nutzungsm\u00f6glichkeiten zu verbessern oder Dienstleistungen abzurechnen, erheben und nutzen wir im erforderlichen Umfang personenbezogene Daten der Besucher unserer Internetseiten. Diese umfassen zum Beispiel Identifikationsmerkmale des Nutzers sowie Anfang, Ende und Umfang des Besuchs auf unseren Webseiten.<\/span><\/p>\n<p><span style=\"color: #333333;\">Wir d\u00fcrfen f\u00fcr Zwecke des Marketing, der Marktforschung und der nutzergerechten Gestaltung unseres Internetangebotes Nutzungsprofile erstellen, soweit wir daf\u00fcr Pseudonyme verwenden. Einer solchen Verwendung Ihrer Nutzerdaten d\u00fcrfen Sie widersprechen. Wir d\u00fcrfen derartige Nutzerprofile nicht mit Daten \u00fcber den Tr\u00e4ger des Pseudonyms in Verbindung bringen.<\/span><\/p>\n<p><span style=\"color: #333333;\">Eine Weitergabe von Nutzungsdaten an Beh\u00f6rden erfolgt nur, soweit wir dazu im Einzelfall auf Basis bestehender Gesetze, etwa f\u00fcr Zwecke der Strafverfolgung, Gefahrenabwehr oder zum Schutz von Urheberrechten, verpflichtet sind.<\/span><\/p>\n<p><span style=\"color: #333333;\">Verwendung von Cookies<\/span><\/p>\n<p><span style=\"color: #333333;\">Um die Anwendungsm\u00f6glichkeiten unseres Internetangebotes zu verbessern und f\u00fcr die Nutzer komfortabler zu machen, verwenden wir sogenannte \u201eCookies\u201c, kleine Textdateien, die auf Ihrem Computer gespeichert werden und die Informationen \u00fcber Ihre Nutzung unserer Website und des Internet enthalten. Sie k\u00f6nnen das Abspeichern von Cookies auf Ihrem Computer durch entsprechende Einstellungen in Ihrem Browser unterbinden. Es ist jedoch m\u00f6glich, dass Sie dadurch unser Internetangebot nicht in komplettem Umfang nutzen k\u00f6nnen.<\/span><\/p>\n<p><span style=\"color: #333333;\">Auskunftsrecht des Nutzers<\/span><\/p>\n<p><span style=\"color: #333333;\">Als Nutzer unseres Internetangebotes d\u00fcrfen Sie von uns Auskunft \u00fcber die zu Ihrer Person oder Ihrem Pseudonym bei uns gespeicherten Daten fordern. Eine solche Auskunft kann auf Wunsch auch auf elektronischem Weg erfolgen.<\/span><\/p>\n<p><span style=\"color: #333333;\">Datenzugriff durch Unbefugte<\/span><\/p>\n<p><span style=\"color: #333333;\">Eine Daten\u00fcbermittlung \u00fcber das Internet beinhaltet immer das Risiko, dass unbefugte Dritte Zugriff auf Ihre Daten nehmen. Ein vollkommener Schutz Ihrer Kommunikation etwa per E-Mail kann nicht gew\u00e4hrleistet werden.<\/span><\/p>\n<p><span style=\"color: #333333;\">Zusendung unverlangter Werbung an uns<\/span><\/p>\n<p><span style=\"color: #333333;\">Wir widersprechen hiermit ausdr\u00fccklich jeglicher Nutzung unserer im Rahmen der Impressumpflicht ver\u00f6ffentlichten Kontaktdaten durch Dritte zum Zwecke der Zusendung unverlangter Werbe- und Informationsmaterialien. Wir behalten uns rechtliche Schritte gegen die Absender unverlangt zugesandter Spam-Mails oder anderer Werbesendungen vor.<\/span><\/p>\n<p><span style=\"color: #333333;\">Datenschutzerkl\u00e4rung Facebook<\/span><\/p>\n<p><span style=\"color: #333333;\">Unsere Webseiten enthalten Plugins des sozialen Netzwerks Facebook (Facebook Inc., 1601 Willow Road, Menlo Park, California, 94025, USA). Diese Plugins zeigen zum Beispiel das Facebook-Logo oder den &#8222;Like-Button&#8220; (&#8222;Gef\u00e4llt mir&#8220;). Der folgende Link gibt Ihnen eine \u00dcbersicht \u00fcber alle Plugins des sozialen Netzwerkes Facebook: http:\/\/developers.facebook.com\/docs\/plugins\/.<\/span><\/p>\n<p><span style=\"color: #333333;\">Sobald Sie unsere Seite aufrufen, kommt mit Hilfe dieser Plugins eine direkte Verbindung zwischen Ihrem Browser und dem Server von Facebook zustande. Das hei\u00dft: Facebook erf\u00e4hrt, dass von Ihrer IP-Adresse aus Zugriff auf unsere Webseite genommen wurde. Klicken Sie einen Facebook-Button an, w\u00e4hrend Sie in Ihrem Facebook-Account eingeloggt sind, k\u00f6nnen Sie zum Beispiel Ihr Facebook-Profil mit unseren Seiten verlinken. Allerdings kann Facebook auch feststellen, dass Sie (als Facebook bekannter Nutzer) unsere Seiten aufgesucht haben. Wir weisen ausdr\u00fccklich darauf hin, dass wir nicht wissen, welche Daten im Einzelnen an Facebook \u00fcbermittelt werden und wie Facebook diese Daten nutzt. Sofern Sie nicht m\u00f6chten, dass Facebook Ihr Benutzerkonto mit der Nutzung unserer Internetseiten in Verbindung bringen kann, sollten Sie sich w\u00e4hrend des Aufenthalts auf unseren Seiten aus Ihrem Facebook-Account ausloggen.<\/span><\/p>\n<p><span style=\"color: #333333;\">Zum Umgang mit personenbezogenen Daten bei Facebook selbst gibt die Datenschutzerkl\u00e4rung von Facebook Auskunft unter: https:\/\/www.facebook.com\/about\/privacy<\/span><\/p>\n<p><span style=\"color: #333333;\">Datenschutzerkl\u00e4rung Google Analytics<\/span><\/p>\n<p><span style=\"color: #333333;\">Auf unserer Webseite verwenden wir Google Analytics, einen Analysedienst des US-Unternehmens Google Inc. (&#8222;Google&#8220;), 1600 Amphitheatre Parkway, Mountain View, CA 94043, U.S.A. Google Analytics nutzt &#8222;Cookies&#8220;, dies sind kleine Textdateien, die auf Ihrem Computer gespeichert werden. Diese Cookies dienen der Analyse Ihrer Nutzung unserer Webseite. Die entsprechenden Daten \u00fcber Ihr Nutzerverhalten werden an einen Server des Unternehmens Google in den USA weitergeleitet und dort ausgewertet und gespeichert.<\/span><\/p>\n<p><span style=\"color: #333333;\">Bei Aktivierung einer IP-Anonymisierung auf dieser Webseite innerhalb der Mitgliedsstaaten der Europ\u00e4ischen Union und des Abkommens \u00fcber den Europ\u00e4ischen Wirtschaftsraum wird Google Ihre IP-Adresse zu Anonymisierungszwecken verk\u00fcrzen. Nur im Ausnahmefall kommt es dann zu einer ungek\u00fcrzten \u00dcbermittlung in die USA mit Verk\u00fcrzung der IP-Adresse auf einem dortigen Server.<\/span><\/p>\n<p><span style=\"color: #333333;\">Google wird diese Informationen auf Betreiben des Inhabers dieser Website verwenden, um auszuwerten, wie Sie die Website nutzen. Au\u00dferdem wird Google mit Hilfe dieser Informationen Reports \u00fcber die Websiteaktivit\u00e4ten anfertigen und weitere Dienstleistungen im Zusammenhang mit der Nutzung der Website und der Nutzung des Internet f\u00fcr deren Betreiber durchf\u00fchren. Google f\u00fchrt die von Ihrem Browser durch die Nutzung von Google Analytics \u00fcbermittelte IP-Adresse nicht mit anderen Daten von Google zusammen.<\/span><\/p>\n<p><span style=\"color: #333333;\">Die Speicherung von Cookies k\u00f6nnen Sie selbst unterbinden, indem Sie in Ihrem Browser eine entsprechende Einstellung vornehmen. Allerdings kann es in diesem Fall sein, dass Sie nicht alle Funktionen der Website in komplettem Umfang nutzen k\u00f6nnen. Sie k\u00f6nnen die Erfassung der durch das Cookie erzeugten Daten (einschlie\u00dflich Ihrer IP-Adresse) \u00fcber Ihre Nutzung der Website sowie die Verarbeitung dieser Daten durch Google unterbinden. Dazu m\u00fcssen Sie lediglich ein zus\u00e4tzliches Browser-Plugin herunterladen und installieren. Dieses Plugin k\u00f6nnen Sie unter folgendem Link herunterladen: http:\/\/tools.google.com\/dlpage\/gaoptout?hl=de.<\/span><\/p>\n<p><span style=\"color: #333333;\">Datenschutzerkl\u00e4rung Google Plus<\/span><\/p>\n<p><span style=\"color: #333333;\">Unsere Website enth\u00e4lt die Schaltfl\u00e4che &#8222;+1&#8220; des Dienstes Google Plus. Dieser wird von der Google Inc. (&#8222;Google&#8220;), 1600 Amphitheatre Parkway, Mountain View, CA 94043, U.S.A., betrieben. Den Button erkennen Sie an dem Zeichen &#8222;+1&#8220; auf wei\u00dfem oder farbigem Grund.<\/span><\/p>\n<p><span style=\"color: #333333;\">Rufen Sie eine Website unseres Internetangebotes auf, die die Schaltfl\u00e4che &#8222;+1&#8220; enth\u00e4lt, wird eine direkte Verbindung zwischen Ihrem Browser und den Servern von Google hergestellt. Der Inhalt der &#8222;+1&#8220;-Schaltfl\u00e4che wird dabei direkt von Google an Ihren Browser gesendet und von diesem in die betrachtete Website integriert. Wir m\u00fcssen darauf hinweisen, dass wir keinerlei Einfluss auf Art und Umfang der von Google mit Hilfe dieser Schaltfl\u00e4che erhobenen Daten haben. Google zufolge findet eine Erhebung personenbezogener Daten nur dann statt, wenn Sie auf die Schaltfl\u00e4che &#8222;+1&#8220; klicken, und auch dies nur bei in Google Plus eingeloggten Mitgliedern. Von diesen werden verschiedene personenbezogene Daten einschlie\u00dflich der IP-Adresse erhoben und ausgewertet.\u00a0 .<\/span><\/p>\n<p><span style=\"color: #333333;\">Bet\u00e4tigen Sie die Schaltfl\u00e4che &#8222;+1&#8220;, um z.B., einen Websiteinhalt weiterzuempfehlen, wird Google die Information speichern, dass Sie f\u00fcr diesen bestimmten Inhalt ein &#8222;+1&#8220; vergeben haben. Auch Informationen \u00fcber die Seite, auf der sie sich befinden, werden gespeichert. Es ist m\u00f6glich, dass Ihre +1-Klicks zusammen mit Ihrem Profilnamen und Ihrem Foto in anderen Google-Diensten ver\u00f6ffentlicht werden, zum Beispiel im Rahmen von Suchergebnissen, in Ihrem Google-Profil, oder auf Websites und Anzeigen im Internet.<\/span><\/p>\n<p><span style=\"color: #333333;\">Google wertet Daten \u00fcber Ihre +1-Aktivit\u00e4ten aus, um seine Dienste verbessern zu k\u00f6nnen. Zur Verwendung der &#8222;+1&#8220;-Schaltfl\u00e4che ben\u00f6tigen Sie ein weltweit sichtbares, \u00f6ffentliches Google-Profil mit einem Profilnamen, der in der Regel in allen Google-Diensten verwendet wird. Andere Nutzer, welche Ihre Email-Adresse kennen oder andere Sie identifizierende Daten besitzen, k\u00f6nnen Sie \u00fcber Ihr Google-Profil identifizieren.<\/span><\/p>\n<p><span style=\"color: #333333;\">Zus\u00e4tzlich zur oben erl\u00e4uterten Verwendung der gewonnenen Daten kann Google auch im Rahmen seiner Datenschutzbestimmungen Statistiken \u00fcber die &#8222;+1&#8220;-Aktivit\u00e4ten seiner Nutzer erstellen und diese ver\u00f6ffentlichen. Diese k\u00f6nnen an Gesch\u00e4ftspartner wie Werbekunden oder Website-Betreiber weitergegeben werden.<\/span><\/p>\n<p><span style=\"color: #333333;\">Zu welchem Zweck und in welchem Umfang Google Ihre Daten erhebt und auswertet und was Sie tun k\u00f6nnen, um Ihre Privatsph\u00e4re zu sch\u00fctzen, entnehmen Sie bitte den Datenschutzhinweisen von Google zur &#8222;+1&#8220;-Schaltfl\u00e4che unter folgendem Link:<\/span><br \/>\n<span style=\"color: #333333;\"> http:\/\/www.google.com\/intl\/de\/+\/policy\/+1button.html.<\/span><\/p>\n<p><span style=\"color: #333333;\">Sind Sie Mitglied des Dienstes &#8222;Google Plus&#8220; und m\u00f6chten Sie eine Sammlung und Auswertung von Daten \u00fcber Ihren Besuch auf unserer Website durch Google sowie die Zusammenf\u00fchrung dieser Informationen mit Ihren bei Google vorhandenen Mitgliedsdaten unterbinden, sollten Sie sich vor der Nutzung unserer Websites bei Google Plus ausloggen.<\/span><\/p>\n<p><span style=\"color: #333333;\">Datenschutzerkl\u00e4rung Twitter<\/span><\/p>\n<p><span style=\"color: #333333;\">Unsere Websites enthalten Funktionen des Dienstes Twitter. Deren Anbieter ist die Twitter Inc., 1355 Market St, Suite 900, San Francisco, CA 94103, U.S.A. Nutzen Sie Twitter und die Funktion \u201eRe-Tweet\u201c, werden Daten an Twitter \u00fcbertragen. Twitter wird die von Ihnen besuchte Website mit Ihrem Twitter-Account verkn\u00fcpfen und andere Nutzer werden von Ihrem Besuch auf dieser Website erfahren.<\/span><\/p>\n<p><span style=\"color: #333333;\">Als Website-Betreiber bzw. \u2013Anbieter haben wir weder genaue Kenntnis noch Einfluss hinsichtlich der Art und Nutzung der an Twitter \u00fcbermittelten Daten. N\u00e4heres erfahren Sie in der von Twitter selbst bereit gestellten Datenschutzerkl\u00e4rung unter folgendem Link: http:\/\/twitter.com\/privacy.<\/span><\/p>\n<p><span style=\"color: #333333;\">Sie k\u00f6nnen selbst \u00c4nderungen an den Datenschutzeinstellungen Ihres Twitter-Kontos vornehmen. Dazu nutzen Sie bitte den folgenden Link:<\/span><br \/>\n<span style=\"color: #333333;\"> http:\/\/twitter.com\/account\/settings.<\/span><\/p>\n<p><span style=\"color: #333333;\">Disclaimer<\/span><\/p>\n<p><span style=\"color: #333333;\">Haftung f\u00fcr Inhalte unserer Websites<\/span><\/p>\n<p><span style=\"color: #333333;\">Nach \u00a7 7 Abs.1 Telemediengesetz (TMG) sind wir als Diensteanbieter f\u00fcr eigene Inhalte auf diesen Internetseiten im Rahmen der allgemeinen Gesetze verantwortlich. Gem\u00e4\u00df den \u00a7\u00a7 8 bis 10 TMG haben wir als Diensteanbieter allerdings nicht die Pflicht, \u00fcbermittelte oder gespeicherte fremde Informationen zu \u00fcberwachen oder nach Hinweisen auf rechtswidrige T\u00e4tigkeiten zu suchen. Gesetzliche Verpflichtungen zur Entfernung oder Sperrung von Inhalten oder Informationen oder zur Sperrung von Nutzungsm\u00f6glichkeiten unseres Internetauftritts sind davon ausgenommen. Eine Haftung kann jedoch erst von dem Zeitpunkt an eintreten, zu dem wir von einer konkreten Rechtsverletzung Kenntnis erhalten haben. Sobald wir von einer Rechtsverletzung im Rahmen unseres Internetangebotes erfahren, werden wir die entsprechenden Inhalte umgehend entfernen.<\/span><\/p>\n<p><span style=\"color: #333333;\">Haftung f\u00fcr Links<\/span><\/p>\n<p><span style=\"color: #333333;\">Unser Internetangebot enth\u00e4lt Links zu externen Websites Dritter. Wir weisen ausdr\u00fccklich darauf hin, dass wir keinerlei Einfluss auf die Inhalte dieser Websites haben. F\u00fcr die Inhalte dieser fremden Internetseiten k\u00f6nnen wir dementsprechend keinerlei Haftung oder Gew\u00e4hr \u00fcbernehmen. Verantwortlich ist deren jeweiliger Anbieter bzw. Betreiber. Wir haben diese Seiten zum Zeitpunkt der Verlinkung auf m\u00f6gliche Gesetzesverst\u00f6\u00dfe gepr\u00fcft und keine rechtswidrigen Inhalte gefunden. Eine st\u00e4ndige Kontrolle verlinkter Seiten ist jedoch nicht m\u00f6glich. Eine \u00dcberpr\u00fcfung kann allenfalls bei Vorliegen konkreter Hinweise auf eine Rechtsverletzung stattfinden. Erfahren wir von einer Rechtsverletzung auf den verlinkten Seiten, werden wir den entsprechenden Link umgehend von unserer Website entfernen.<\/span><\/p>\n<p><span style=\"color: #333333;\">Urheberrecht<\/span><\/p>\n<p><span style=\"color: #333333;\">F\u00fcr die auf unseren Internetseiten ver\u00f6ffentlichten Inhalte und Werke gilt das deutsche Urheberrecht. Jede Vervielf\u00e4ltigung, Bearbeitung, Verbreitung und Verwertung erfordert die schriftliche Zustimmung des jeweiligen Autors oder Erstellers. Downloads und Kopien dieser Seiten sind ausschlie\u00dflich f\u00fcr den privaten, nichtkommerziellen Gebrauch zul\u00e4ssig.<\/span><\/p>\n<p><span style=\"color: #333333;\">Unsere Seiten k\u00f6nnen Inhalte aufweisen, die nicht vom Betreiber selbst erstellt wurden. Bei diesen Inhalten wurden die Urheberrechte Dritter beachtet. Inhalte, an denen Dritte das Urheberrecht innehaben, sind entsprechend gekennzeichnet. Stellen Sie auf unseren Internetseiten trotzdem einen Urheberrechtsversto\u00df fest, bitten wir, uns dies mitzuteilen. Wir werden den entsprechenden Inhalt dann umgehend von unseren Webseiten entfernen.<\/span><\/p>\n<p><span style=\"color: #333333;\">Dieses Impressum wurde erstellt mit dem Impressum-Generator vom <a style=\"color: #333333;\" href=\"\/\/www.anwalt-suchservice.de\" target=\"_blank\">Anwalt-Suchservice<\/a><\/span><\/p>\n","protected":false},"excerpt":{"rendered":"<p>Verband SRHT H\u00f6henrettungsgruppen e.V. Anschrift: Gammelsdorfer Str. 5, 94315 Straubing Web srht.org E-Mail Verband (at) SRHT.org Vertretungsberechtigt: Bernhard Scharrer E-Mail Bernhard (at) SRHT.org Vereinsregister Registernummer: VR200204 Registergericht: Amtsbericht Straubing Datenschutzerkl\u00e4rung Allgemein Die Erhebung und Verwendung personenbezogener Daten der Nutzer unserer&hellip;<\/p>\n","protected":false},"author":1,"featured_media":0,"parent":0,"menu_order":9,"comment_status":"closed","ping_status":"closed","template":"template-fullpage.php","meta":[],"_links":{"self":[{"href":"https:\/\/srht.org\/index.php?rest_route=\/wp\/v2\/pages\/17"}],"collection":[{"href":"https:\/\/srht.org\/index.php?rest_route=\/wp\/v2\/pages"}],"about":[{"href":"https:\/\/srht.org\/index.php?rest_route=\/wp\/v2\/types\/page"}],"author":[{"embeddable":true,"href":"https:\/\/srht.org\/index.php?rest_route=\/wp\/v2\/users\/1"}],"replies":[{"embeddable":true,"href":"https:\/\/srht.org\/index.php?rest_route=%2Fwp%2Fv2%2Fcomments&post=17"}],"version-history":[{"count":5,"href":"https:\/\/srht.org\/index.php?rest_route=\/wp\/v2\/pages\/17\/revisions"}],"predecessor-version":[{"id":283,"href":"https:\/\/srht.org\/index.php?rest_route=\/wp\/v2\/pages\/17\/revisions\/283"}],"wp:attachment":[{"href":"https:\/\/srht.org\/index.php?rest_route=%2Fwp%2Fv2%2Fmedia&parent=17"}],"curies":[{"name":"wp","href":"https:\/\/api.w.org\/{rel}","templated":true}]}}