{"id":163,"date":"2015-05-08T20:17:43","date_gmt":"2015-05-08T20:17:43","guid":{"rendered":"http:\/\/srht.knauervonhartenfels.com\/?page_id=4"},"modified":"2015-10-18T08:47:16","modified_gmt":"2015-10-18T08:47:16","slug":"infos","status":"publish","type":"page","link":"https:\/\/srht.org\/?page_id=163","title":{"rendered":"Entstehung"},"content":{"rendered":"<h3>Die Entstehungsgeschichte des Verband f\u00fcr SRHT H\u00f6henrettung e.V.<\/h3>\n<h3><\/h3>\n<p><a href=\"http:\/\/srht.org\/wp-content\/uploads\/146_4628.jpg\"><img loading=\"lazy\" class=\" size-medium wp-image-198 alignright\" src=\"http:\/\/srht.org\/wp-content\/uploads\/146_4628-300x225.jpg\" alt=\"146_4628\" width=\"300\" height=\"225\" srcset=\"https:\/\/srht.org\/wp-content\/uploads\/146_4628-300x225.jpg 300w, https:\/\/srht.org\/wp-content\/uploads\/146_4628-400x300.jpg 400w, https:\/\/srht.org\/wp-content\/uploads\/146_4628.jpg 800w\" sizes=\"(max-width: 300px) 100vw, 300px\" \/><\/a>Jeder kann sich noch an die Presseartikel aus dem Winter 2006\/2007 erinnern als in Bayern die Schneelasten D\u00e4cher zum Einsturz gebracht haben. Der bekannteste Fall war der Einsturz der Eishalle in Bad Reichenhall <a href=\"http:\/\/www.abendzeitung-muenchen.de\/inhalt.bildergalerie-das-drama-von-bad-reichenhall.19864af4-0be0-4ef5-bc07-14ac6e49a562.html\" target=\"_blank\">(Artikel Abendzeitung)<\/a>. Es wurde in mehreren Bayrischen Landkreisen Katastrophenalarm ausgel\u00f6st. Ein offizieller Bericht sprach damals von 5 Toten und rund 44 zum Teil schwer Verletzten Einsatzkr\u00e4ften. Die Dunkelziffer wurde nie bekannt.<\/p>\n<h3><\/h3>\n<h3><a href=\"http:\/\/srht.org\/wp-content\/uploads\/Schneekatastrophe.jpg\"><img loading=\"lazy\" class=\" size-medium wp-image-53 alignright\" src=\"http:\/\/srht.org\/wp-content\/uploads\/Schneekatastrophe-300x225.jpg\" alt=\"Schneekatastrophe\" width=\"300\" height=\"225\" srcset=\"https:\/\/srht.org\/wp-content\/uploads\/Schneekatastrophe-300x225.jpg 300w, https:\/\/srht.org\/wp-content\/uploads\/Schneekatastrophe.jpg 357w\" sizes=\"(max-width: 300px) 100vw, 300px\" \/><\/a><\/h3>\n<p>Auch zwei Feuerwehrleute aus Straubing waren in den Regionen St. Engelmar und Landkreis Regen im Einsatz. Damals schaufelten Sie D\u00e4cher ab. Ungesichert, genauso wie ihre Kameraden. Halte- oder Auffangsystem waren uns damals v\u00f6llig unbekannt, es hie\u00df nur \u201eSichert euch auf dem Dach\u201c. Die Frage war nur wie? Wir hatten alle keine Ahnung. Ein Kamerad st\u00fcrzte sogar durch eine Dachlawine vom Dach ab. Gl\u00fcck f\u00fcr ihn, war der Schneehaufen, der genau so hoch war wie die Dachkante. Trotzdem dauerte die Rettung mit der Drehleiter rund eine halbe Stunde, da er per Hand ausgegraben werden musste.<\/p>\n<p>Diese Erfahrungen machten damals Nachdenklich. Wir entschlossen uns, uns dem Thema Absturzsicherung nach der FwDV 1 anzunehmen. Ein Straubinger hatte damals den Ausbilderkurs f\u00fcr Absturzsicherung bei der Staatlichen Feuerwehrschule Geretsried abgeschlossen und somit die Voraussetzungen f\u00fcr den Aufbau der Gruppe geschaffen. Die ersten Ausr\u00fcstungsgegenst\u00e4nde wie Auffanggurte, Seil und Karabiner wurden privat gekauft. Im Jahr 2007 und 2008 machten wir mehrere \u00dcbungen und Ausbildungen mit unserem damaligen Wissen. Die Gruppe wuchs und es machte totalen Spa\u00df obwohl wir von allen bel\u00e4chelt wurden.<br \/>\nDa wir jedoch, wie viele H\u00f6hensicherungsgruppen auch heute noch, mehr als nur Absturzsicherung machen wollten, aber z.B. das aktive oder passive Abseilen im Zuge der Absturzsicherung nach FwDV1 verboten ist fiel die Entscheidung uns Fachm\u00e4nnisch ausbilden zu lassen und steigen in die Schiene SRHT (H\u00f6henrettung) ein.<br \/>\n2008 besuchten wir den Lehrgang bei der Firma Skylotec f\u00fcr die Sachkundeschulung BGG906.<br \/>\n2009 gingen alle Teammitglieder auf den Grundlehrgang SRHT H\u00f6henrettung und machten teilweise die Ausbildung zum Industriekletter (FIAST Level 2). Wir nahmen Kontakt zu anderen deutschen und internationalen H\u00f6henrettern auf und bekamen wertvolle Hilfestellungen. Gleichzeitig wurde eine Menge Geld von privater Seite in das Projekt investiert und die Ausr\u00fcstung wurde immer gr\u00f6\u00dfer und gr\u00f6\u00dfer.<br \/>\n<a href=\"http:\/\/srht.org\/wp-content\/uploads\/DSC_0078.jpg\"><img loading=\"lazy\" class=\" size-medium wp-image-160 alignright\" src=\"http:\/\/srht.org\/wp-content\/uploads\/DSC_0078-255x300.jpg\" alt=\"\" width=\"255\" height=\"300\" srcset=\"https:\/\/srht.org\/wp-content\/uploads\/DSC_0078-255x300.jpg 255w, https:\/\/srht.org\/wp-content\/uploads\/DSC_0078.jpg 679w\" sizes=\"(max-width: 255px) 100vw, 255px\" \/><\/a>2010 hatten wir dann die Idee, dass es eine sch\u00f6ne Sache w\u00e4re eine \u00f6ffentlichkeitswirksame Rettungs\u00fcbung aus dem Straubinger Stadtturm vorzuf\u00fchren. Wir als Private Interessengemeinschaft fragten offizielle bei der Stadt Straubing an die schnell von der Idee angetan war. Allerdings musste etliches gekl\u00e4rt werden, wie zum Beispiel der Versicherungsschutz. Um diesen sicher zu stellen und mit gutem Rechtsbeistand entschlossen wir uns deswegen den n\u00e4chsten gro\u00dfen Schritt zu wagen. Wir gr\u00fcndeten den ersten Deutschen H\u00f6henrettungsverein, dass SRHT Team Straubing e.V. Nach erfolgreicher, gemeinsamer Bew\u00e4ltigung mit dem Roten Kreuz und der Feuerwehr Straubing war nun unsere professionelle Arbeit akzeptiert.<br \/>\n2010 nahm ein Teil der Gruppe erfolgreich an der Ausbildung SRHT-Gruppenf\u00fchrer und Ausbilder f\u00fcr SRHT teil.<br \/>\n2011 fand der erste SRHT H\u00f6henrettungslehrgang in Straubing statt zu dem Anw\u00e4rter aus Aalen, Ingolstadt und sogar aus Werl kamen. Es zeigte sich, dass viele Kammeraden an ihren Standtorten \u00e4hnliche Probleme hatten, woraus die Idee entstand, mittels eines gemeinsamen, orts\u00fcbergreifenden Vereins die gegenseitige Unterst\u00fctzung, Zusammenarbeit und den Austausch zu f\u00f6rdern.<br \/>\n2013 bekamen wir durch die Unterst\u00fctzung der Stadt Straubing im Katastrophenschutzzentrum einen eigen Stellplatz um unsere Ausbildungst\u00e4tigkeiten besser durchf\u00fchren zu k\u00f6nnen , w\u00e4hrend Zeitgleich durch das SRHT-Team Straubing der Ger\u00e4teanh\u00e4nger H\u00f6henrettung beschafft und dort stationiert wurde.<br \/>\n<a href=\"http:\/\/srht.org\/wp-content\/uploads\/IMG_2084.jpg\"><img loading=\"lazy\" class=\" size-medium wp-image-161 alignright\" src=\"http:\/\/srht.org\/wp-content\/uploads\/IMG_2084-300x225.jpg\" alt=\"\" width=\"300\" height=\"225\" srcset=\"https:\/\/srht.org\/wp-content\/uploads\/IMG_2084-300x225.jpg 300w, https:\/\/srht.org\/wp-content\/uploads\/IMG_2084-400x300.jpg 400w, https:\/\/srht.org\/wp-content\/uploads\/IMG_2084.jpg 800w\" sizes=\"(max-width: 300px) 100vw, 300px\" \/><\/a>2014 wurde zusammen mit der der BG RCI einen Schulungsfilm f\u00fcr Werkfeuerwehren gedreht und wir nahmen an einen Projekt der BG ETM f\u00fcr Windenergieanlagen teil.<\/p>\n<p>In der Jahreshauptversammlung 2014 wurden weitere SRHT Teams und der Verband der SRHT H\u00f6henrettungsgruppen e.V. gegr\u00fcndet der die gemeinsame Interessen aller SRHT Team`s vertritt und sich f\u00fcr eine gute, \u00fcber\u00f6rtliche und Organisations\u00fcbergreifende Zusammenarbeit stark macht.<\/p>\n<p>&nbsp;<\/p>\n<p>&nbsp;<\/p>\n<p>&nbsp;<\/p>\n","protected":false},"excerpt":{"rendered":"<p>Die Entstehungsgeschichte des Verband f\u00fcr SRHT H\u00f6henrettung e.V. Jeder kann sich noch an die Presseartikel aus dem Winter 2006\/2007 erinnern als in Bayern die Schneelasten D\u00e4cher zum Einsturz gebracht haben. Der bekannteste Fall war der Einsturz der Eishalle in Bad&hellip;<\/p>\n","protected":false},"author":1,"featured_media":0,"parent":0,"menu_order":2,"comment_status":"closed","ping_status":"closed","template":"template-fullpage.php","meta":[],"_links":{"self":[{"href":"https:\/\/srht.org\/index.php?rest_route=\/wp\/v2\/pages\/163"}],"collection":[{"href":"https:\/\/srht.org\/index.php?rest_route=\/wp\/v2\/pages"}],"about":[{"href":"https:\/\/srht.org\/index.php?rest_route=\/wp\/v2\/types\/page"}],"author":[{"embeddable":true,"href":"https:\/\/srht.org\/index.php?rest_route=\/wp\/v2\/users\/1"}],"replies":[{"embeddable":true,"href":"https:\/\/srht.org\/index.php?rest_route=%2Fwp%2Fv2%2Fcomments&post=163"}],"version-history":[{"count":5,"href":"https:\/\/srht.org\/index.php?rest_route=\/wp\/v2\/pages\/163\/revisions"}],"predecessor-version":[{"id":251,"href":"https:\/\/srht.org\/index.php?rest_route=\/wp\/v2\/pages\/163\/revisions\/251"}],"wp:attachment":[{"href":"https:\/\/srht.org\/index.php?rest_route=%2Fwp%2Fv2%2Fmedia&parent=163"}],"curies":[{"name":"wp","href":"https:\/\/api.w.org\/{rel}","templated":true}]}}